{"id":8747,"date":"2024-06-26T09:33:59","date_gmt":"2024-06-26T09:33:59","guid":{"rendered":"http:\/\/dyadaxis.com\/?page_id=8747"},"modified":"2024-07-04T11:53:56","modified_gmt":"2024-07-04T11:53:56","slug":"publications","status":"publish","type":"page","link":"https:\/\/dyadaxis.com\/index.php\/pages\/publications\/","title":{"rendered":"Publications"},"content":{"rendered":"<div class=\"wpb-content-wrapper\"><p>[vc_row full_width=&#8221;stretch_row&#8221; el_class=&#8221;white-form&#8221;][vc_column]\n\t\t\t<!-- START Publications Slider REVOLUTION SLIDER 6.7.9 --><p class=\"rs-p-wp-fix\"><\/p>\n\t\t\t<rs-module-wrap id=\"rev_slider_11_1_wrapper\" data-source=\"gallery\" style=\"visibility:hidden;background:transparent;padding:0;\">\n\t\t\t\t<rs-module id=\"rev_slider_11_1\" style=\"\" data-version=\"6.7.9\">\n\t\t\t\t\t<rs-slides style=\"overflow: hidden; position: absolute;\">\n\t\t\t\t\t\t<rs-slide style=\"position: absolute;\" data-key=\"rs-32\" data-title=\"Slide\" data-in=\"o:0;\" data-out=\"a:false;\">\n\t\t\t\t\t\t\t<img decoding=\"async\" src=\"\/\/dyadaxis.com\/wp-content\/plugins\/revslider\/sr6\/assets\/assets\/dummy.png\" alt=\"\" width=\"2560\" height=\"1152\" class=\"rev-slidebg tp-rs-img rs-lazyload\" data-lazyload=\"\/\/dyadaxis.com\/wp-content\/uploads\/2024\/06\/belgelerimiz01-scaled.jpg\" data-no-retina>\n<!--\n\t\t\t\t\t\t\t--><rs-layer\n\t\t\t\t\t\t\t\tid=\"slider-11-slide-32-layer-2\" \n\t\t\t\t\t\t\t\tdata-type=\"text\"\n\t\t\t\t\t\t\t\tdata-color=\"#ffffff\"\n\t\t\t\t\t\t\t\tdata-rsp_ch=\"on\"\n\t\t\t\t\t\t\t\tdata-xy=\"x:c;xo:-305px;y:c;\"\n\t\t\t\t\t\t\t\tdata-text=\"s:70;l:80;fw:700;\"\n\t\t\t\t\t\t\t\tdata-frame_0=\"o:1;\"\n\t\t\t\t\t\t\t\tdata-frame_1=\"st:270;sR:270;\"\n\t\t\t\t\t\t\t\tdata-frame_999=\"o:0;e:nothing;st:w;sR:8430;\"\n\t\t\t\t\t\t\t\tstyle=\"z-index:8;font-family:'Poppins';\"\n\t\t\t\t\t\t\t>] \n\t\t\t\t\t\t\t<\/rs-layer><!--\n\n\t\t\t\t\t\t\t--><rs-layer\n\t\t\t\t\t\t\t\tid=\"slider-11-slide-32-layer-3\" \n\t\t\t\t\t\t\t\tdata-type=\"text\"\n\t\t\t\t\t\t\t\tdata-color=\"#ffffff\"\n\t\t\t\t\t\t\t\tdata-rsp_ch=\"on\"\n\t\t\t\t\t\t\t\tdata-xy=\"x:c;y:c;yo:83px;\"\n\t\t\t\t\t\t\t\tdata-text=\"w:normal;s:18;l:30;a:center;\"\n\t\t\t\t\t\t\t\tdata-dim=\"w:301px;h:60px;\"\n\t\t\t\t\t\t\t\tdata-frame_0=\"y:-50px;\"\n\t\t\t\t\t\t\t\tdata-frame_1=\"e:power4.out;st:2400;sp:800;sR:2400;\"\n\t\t\t\t\t\t\t\tdata-frame_999=\"o:0;e:nothing;st:w;sR:5800;\"\n\t\t\t\t\t\t\t\tstyle=\"z-index:9;font-family:'Roboto';\"\n\t\t\t\t\t\t\t>Discover More About Our Technology \n\t\t\t\t\t\t\t<\/rs-layer><!--\n\n\t\t\t\t\t\t\t--><rs-layer\n\t\t\t\t\t\t\t\tid=\"slider-11-slide-32-layer-4\" \n\t\t\t\t\t\t\t\tdata-type=\"text\"\n\t\t\t\t\t\t\t\tdata-color=\"#ffffff\"\n\t\t\t\t\t\t\t\tdata-rsp_ch=\"on\"\n\t\t\t\t\t\t\t\tdata-xy=\"x:c;xo:30px;y:c;yo:-2px;\"\n\t\t\t\t\t\t\t\tdata-text=\"s:70;l:80;fw:700;\"\n\t\t\t\t\t\t\t\tdata-frame_0=\"x:-100%;\"\n\t\t\t\t\t\t\t\tdata-frame_0_mask=\"u:t;\"\n\t\t\t\t\t\t\t\tdata-frame_1=\"st:910;sp:1360;sR:910;\"\n\t\t\t\t\t\t\t\tdata-frame_1_mask=\"u:t;\"\n\t\t\t\t\t\t\t\tdata-frame_999=\"o:0;e:nothing;st:w;sR:6730;\"\n\t\t\t\t\t\t\t\tstyle=\"z-index:6;font-family:'Poppins';\"\n\t\t\t\t\t\t\t>Our Publications[ \n\t\t\t\t\t\t\t<\/rs-layer><!--\n\n\t\t\t\t\t\t\t--><rs-layer\n\t\t\t\t\t\t\t\tid=\"slider-11-slide-32-layer-5\" \n\t\t\t\t\t\t\t\tdata-type=\"text\"\n\t\t\t\t\t\t\t\tdata-color=\"#ffffff\"\n\t\t\t\t\t\t\t\tdata-rsp_ch=\"on\"\n\t\t\t\t\t\t\t\tdata-xy=\"x:c;xo:-278px;y:c;\"\n\t\t\t\t\t\t\t\tdata-text=\"s:70;l:80;fw:700;\"\n\t\t\t\t\t\t\t\tdata-frame_0=\"o:1;\"\n\t\t\t\t\t\t\t\tdata-frame_1=\"st:270;sp:990;sR:270;\"\n\t\t\t\t\t\t\t\tdata-frame_999=\"o:1;st:1260;sp:150;\"\n\t\t\t\t\t\t\t\tstyle=\"z-index:7;font-family:'Poppins';\"\n\t\t\t\t\t\t\t>[ \n\t\t\t\t\t\t\t<\/rs-layer><!--\n-->\t\t\t\t\t<\/rs-slide>\n\t\t\t\t\t<\/rs-slides>\n\t\t\t\t\t<rs-static-layers><!--\n\t\t\t\t\t--><\/rs-static-layers>\n\t\t\t\t<\/rs-module>\n\t\t\t\t<script>\n\t\t\t\t\tsetREVStartSize({c: 'rev_slider_11_1',rl:[1240,1024,778,480],el:[868],gw:[1240],gh:[868],type:'standard',justify:'',layout:'fullscreen',offsetContainer:'',offset:'',mh:\"0\"});if (window.RS_MODULES!==undefined && window.RS_MODULES.modules!==undefined && window.RS_MODULES.modules[\"revslider111\"]!==undefined) {window.RS_MODULES.modules[\"revslider111\"].once = false;window.revapi11 = undefined;if (window.RS_MODULES.checkMinimal!==undefined) window.RS_MODULES.checkMinimal()}\n\t\t\t\t<\/script>\n\t\t\t<\/rs-module-wrap>\n\t\t\t<!-- END REVOLUTION SLIDER -->\n[\/vc_column][\/vc_row][vc_row][vc_column][vc_column_text css=&#8221;&#8221;]<strong>Solar-powered hybrid energy storage system with phase change materials<\/strong><br \/>\nEnergy Conversion and Management 302 (2024) 118117 (Elsevier)<br \/>\n2024 | Journal article<br \/>\nDOI: 10.1080\/14786451.2023.2246080<br \/>\nCONTRIBUTORS: Sayedmohsen Baghaei Oskouei, Guido Francesco Frate, Rosa Christodoulaki, \u00d6zg\u00fcr Bayer, Ibrahim Sinan Akmandor, Umberto Desideri, Lorenzo Ferrari, Vassiliki Drosou, \u0130lker Tar\u0131<\/p>\n<p><strong>Novel Rolling Piston Compressor for High Temperature Heat Pumps<\/strong><br \/>\nHigh Temperature Heat Pump Symposium, Session 2-1D, Development and testing of novel compressors and expanders<br \/>\n2024-01-24 | Conference paper<br \/>\n<a href=\"https:\/\/www.hthp-symposium.org\/hthp-symposium-2024\/programme-day-2\/\" target=\"_blank\" rel=\"noopener\">https:\/\/www.hthp-symposium.org\/hthp-symposium-2024\/programme-day-2\/<\/a><br \/>\nCONTRIBUTORS: I. S. Akmandor , R. Christodoulaki , O. Bayer , U. Desideri , G. F. Frate, L. Ferrari, V.Drosou, I.Tari, S. B. Oskouei<\/p>\n<p><strong>On the design of a solar heat storage tank at 120\u00b0C<\/strong><br \/>\nInternational Journal of Sustainable Energy VOL. 42 (2023), NO. 1, 1278-1296<br \/>\n2023 | Journal article<br \/>\nDOI: 10.1080\/14786451.2023.2246080<br \/>\nCONTRIBUTORS: R. Christodoulaki, I. S. Akmandor, O. Bayer, U. Desideri, L. Ferrari, G.F. Frate and V. Drosou<\/p>\n<p><strong>Novel Gas Turbine Waste Heat Recovery Air Cycle Electrical Generator<\/strong><br \/>\n2023-06-07 | Conference paper<br \/>\nDOI: 10.1109\/RAST57548.2023.10197891<br \/>\nCONTRIBUTORS: Ibrahim Sinan Akmandor; Eren Y\u0131ld\u0131ran<\/p>\n<p><strong>Investigations on blade tip tilting for hawt rotor blades using CFD<\/strong><br \/>\nInternational Journal of Green Energy<br \/>\n2015 | Journal article<br \/>\nDOI: 10.1080\/15435075.2014.889007<br \/>\nEID: 2-s2.0-84919919071<br \/>\nPart of ISSN: 15435083 15435075<br \/>\nCONTRIBUTORS: Elfarra, M.A.; Sezer Uzol, N.; Akmandor, I.S.<\/p>\n<p><strong>Turbulent combustion modeling with fully coupled fully implicit compressible solver<\/strong><br \/>\nAIP Conference Proceedings<br \/>\n2015 | Conference paper<br \/>\nDOI: 10.1063\/1.4912355<br \/>\nEID: 2-s2.0-84939649934<br \/>\nPart of ISSN: 15517616 0094243X<br \/>\nCONTRIBUTORS: Kalpakli, B.; \u00d6zt\u00fcrkmen, M.O.; Akmandor, I.S.<\/p>\n<p><strong>An experimental study on active flow control using synthetic jet actuators over S809 airfoil<\/strong><br \/>\nJournal of Physics: Conference Series<br \/>\n2014 | Conference paper<br \/>\nDOI: 10.1088\/1742-6596\/524\/1\/012101<br \/>\nEID: 2-s2.0-84903747026<br \/>\nPart of ISSN: 17426596 17426588<br \/>\nCONTRIBUTORS: Gul, M.; Uzol, O.; Akmandor, I.S.<\/p>\n<p><strong>NREL VI rotor blade: Numerical investigation and winglet design and optimization using CFD<\/strong><br \/>\nWind Energy<br \/>\n2014 | Journal article<br \/>\nDOI: 10.1002\/we.1593<br \/>\nEID: 2-s2.0-84895927899<br \/>\nPart of ISSN: 10991824 10954244<br \/>\nCONTRIBUTORS: Elfarra, M.A.; Sezer-Uzol, N.; Akmandor, I.S.<\/p>\n<p><strong>Experimental investigation of hinged and spring-loaded rolling piston compressors pertaining to a turbo rotary engine<\/strong><br \/>\nApplied Thermal Engineering<br \/>\n2011 | Journal article<br \/>\nDOI: 10.1016\/j.applthermaleng.2010.11.027<br \/>\nEID: 2-s2.0-79951769260<br \/>\nPart of ISSN: 13594311<br \/>\nCONTRIBUTORS: Okur, M.; Akmandor, I.S.<\/p>\n<p><strong>Investigation and optimization of winglets for hawt rotor blades<\/strong><br \/>\n9th European Conference on Turbomachinery: Fluid Dynamics and Thermodynamics, ETC 2011 &#8211; Conference Proceedings<br \/>\n2011 | Conference paper<br \/>\nEID: 2-s2.0-84915789750<br \/>\nPart of ISSN: 24104833<br \/>\nCONTRIBUTORS: Elfarra, M.A.; Akmandor, I.S.; Sezer-Uzol, N.<\/p>\n<p><strong>Multi-objective aerodynamic optimization of axial turbine blades using a NOVEL multilevel genetic algorithm<\/strong><br \/>\nJournal of Turbomachinery<br \/>\n2010 | Journal article<br \/>\nDOI: 10.1115\/1.3213558<br \/>\nEID: 2-s2.0-77955283707<br \/>\nPart of ISSN: 0889504X 15288900<br \/>\nCONTRIBUTORS: \u00d6ks\u00fcz, \u00d6.; Akmandor, I.S.<\/p>\n<p><strong>Axial turbine blade aerodynamic optimization using a novel multi-level genetic algorithm<\/strong><br \/>\nProceedings of the ASME Turbo Expo<br \/>\n2008 | Conference paper<br \/>\nDOI: 10.1115\/GT2008-50519<br \/>\nEID: 2-s2.0-70049097981<br \/>\nCONTRIBUTORS: \u00d6ks\u00fcz, O.; Akmandor, I.S.<\/p>\n<p><strong>Multi-objective aerodynamic optimization of axial turbine blades using a novel multi-level genetic algorithm<\/strong><br \/>\nProceedings of the ASME Turbo Expo<br \/>\n2008 | Conference paper<br \/>\nDOI: 10.1115\/GT2008-50521<br \/>\nEID: 2-s2.0-69949135781<br \/>\nCONTRIBUTORS: \u00d6ks\u00fcz, O.; Akmandor, I.S.<\/p>\n<p><strong>Multi block unsteady Navier stokes solution of compressor stator in rotor wake<\/strong><br \/>\n<strong>43rd AIAA Aerospace Sciences Meeting and Exhibit &#8211; Meeting Papers<\/strong><br \/>\n2005 | Conference paper<br \/>\nDOI: 10.2514\/6.2005-1011<br \/>\nEID: 2-s2.0-30744436855<br \/>\nCONTRIBUTORS: G\u00fcrak, D.; Kavsao\u01e7lu, M.\u015e.; Akmandor, I.S.<\/p>\n<p><strong>Turbine blade shape aerodynamic design using artificial intelligence<\/strong><br \/>\n<strong>Proceedings of the ASME Turbo Expo<\/strong><br \/>\n2005 | Conference paper<br \/>\nDOI: 10.1115\/GT2005-68094<br \/>\nEID: 2-s2.0-27844549796<br \/>\nCONTRIBUTORS: \u00d6ks\u00fcz, \u00d6.; Akmandor, I.S.<\/p>\n<p><strong>Turbo-rotary compound engine (TRCE) and novel thermodynamic cycle<\/strong><br \/>\n<strong>Proceedings of the ASME Turbo Expo<\/strong><br \/>\n2005 | Conference paper<br \/>\nDOI: 10.1115\/GT2005-68234<br \/>\nEID: 2-s2.0-27744462356<br \/>\nCONTRIBUTORS: Akmandor, I.S.; Ercan, T.; Karaca, M.<\/p>\n<p><strong>Characteristics Euler shock-fitting formulation for multi-dimensional flows<\/strong><br \/>\n<strong>International Journal for Numerical Methods in Fluids<\/strong><br \/>\n2003 | Journal article<br \/>\nDOI: 10.1002\/fld.623<br \/>\nEID: 2-s2.0-0141925320<br \/>\nPart of ISSN: 02712091<br \/>\nCONTRIBUTORS: Basesme, E.A.; Akmandor, I.S.; Ucer, A.S.<\/p>\n<p><strong>Aerodynamic optimization of turbomachinery cascades using Euler\/boundary-layer coupled genetic algorithms<\/strong><br \/>\nJournal of Propulsion and Power<br \/>\n2002 | Journal article<br \/>\nDOI: 10.2514\/2.5979<br \/>\nEID: 2-s2.0-0036575132<br \/>\nPart of ISSN: 15333876 07484658<br \/>\nCONTRIBUTORS: Oksuz, O.; Akmandor, I.S.; Kavsaoglu, M.S.<\/p>\n<p><strong>Genetic optimization of steam injected gas turbine power plants<\/strong><br \/>\nAmerican Society of Mechanical Engineers, International Gas Turbine Institute, Turbo Expo (Publication) IGTI<br \/>\n2002 | Conference paper<br \/>\nDOI: 10.1115\/GT2002-30416<br \/>\nEID: 2-s2.0-0037000375<br \/>\nCONTRIBUTORS: Akmandor, I.S.; \u00d6ks\u00fcz, O.; G\u00f6kaltun, S.; Bilgin, M.H.<\/p>\n<p><strong>Performance evaluation of an internal flow Navier-Stokes solver for compressible viscous flow simulations<\/strong><br \/>\nAmerican Society of Mechanical Engineers, International Gas Turbine Institute, Turbo Expo (Publication) IGTI<br \/>\n2002 | Conference paper<br \/>\nDOI: 10.1115\/GT2002-30681<br \/>\nEID: 2-s2.0-0037000230<br \/>\nCONTRIBUTORS: Tinaztepe, H.T.; \u00dc\u00e7er, A.S.; Akmandor, I.S.<\/p>\n<p><strong>Aerodynamic optimization of turbomachinery cascades using Euler\/boundary-layer coupled genetic algorithms<\/strong><br \/>\n15th AIAA Computational Fluid Dynamics Conference<br \/>\n2001 | Conference paper<br \/>\nDOI: 10.2514\/6.2001-2577<br \/>\nEID: 2-s2.0-85089110319<br \/>\nCONTRIBUTORS: Oksuz, O.; Akmandor, I.S.<\/p>\n<p><strong>Cell-vertex Based Parallel and Adaptive Explicit 3D Flow Solution on Unstructured Grids<\/strong><br \/>\nInternational Journal of Computational Fluid Dynamics<br \/>\n2001 | Journal article<br \/>\nDOI: 10.1080\/10618560108940729<br \/>\nEID: 2-s2.0-0035626953<br \/>\nPart of ISSN: 10618562<br \/>\nCONTRIBUTORS: Yilmaz, E.; Kavsaoglu, M.S.; Akay, H.U.; Akmandor, I.S.<\/p>\n<p><strong>Analytical shock jump formulae for cryogenic homogeneous two-phase nozzle flow<\/strong><br \/>\nTransactions of the Japan Society for Aeronautical and Space Sciences<br \/>\n2000 | Journal article<br \/>\nDOI: 10.2322\/tjsass.43.67<br \/>\nEID: 2-s2.0-0034249373<br \/>\nPart of ISSN: 05493811<br \/>\nCONTRIBUTORS: Akmandor, I.S.; Nagashima, T.<\/p>\n<p><strong>Mass-flux and shock calculations through cryogenic homogeneous two-phase nozzle flow<\/strong><br \/>\nJournal of thermophysics and heat transfer<br \/>\n2000 | Journal article<br \/>\nDOI: 10.2514\/2.6544<br \/>\nEID: 2-s2.0-0034225244<br \/>\nPart of ISSN: 08878722<br \/>\nCONTRIBUTORS: Akmandor, I.S.; Nagashima, T.<\/p>\n<p><strong>Numerical analysis of rocket turbopump inducer at cryogenic homogeneous two-phase flow conditions<\/strong><br \/>\n37th Aerospace Sciences Meeting and Exhibit<br \/>\n1999 | Conference paper<br \/>\nEID: 2-s2.0-84983171111<br \/>\nCONTRIBUTORS: Akmandor, I.S.; Nagashima, T.<\/p>\n<p><strong>Plume-free stream interactions in two-phase, hypersonic flows<\/strong><br \/>\n37th Aerospace Sciences Meeting and Exhibit<br \/>\n1999 | Conference paper<br \/>\nDOI: 10.2514\/6.1999-675<br \/>\nEID: 2-s2.0-84983195561<br \/>\nCONTRIBUTORS: Carlson, H.A.; Akmandor, I.S.<\/p>\n<p><strong>Predictions for cryogenic homogeneous two-phase flows in a choked Laval nozzle<\/strong><br \/>\nJournal of thermophysics and heat transfer<br \/>\n1999 | Journal article<br \/>\nDOI: 10.2514\/2.6446<br \/>\nEID: 2-s2.0-0033240990<br \/>\nPart of ISSN: 08878722<br \/>\nCONTRIBUTORS: Akmandor, I.S.; Nagashima, T.<\/p>\n<p><strong>Shock jump and mass flux calculations through cryogenic two-phase flow nozzle<\/strong><br \/>\n37th Aerospace Sciences Meeting and Exhibit<br \/>\n1999 | Conference paper<br \/>\nDOI: 10.2514\/6.1999-347<br \/>\nEID: 2-s2.0-84983135059<br \/>\nCONTRIBUTORS: Akmandor, I.S.; Nagashima, T.<\/p>\n<p><strong>A numerical solution of 3D inviscid rotational flow in turbines and ducts<\/strong><br \/>\nInternational Journal for Numerical Methods in Fluids<br \/>\n1998 | Journal article<br \/>\nDOI: 10.1002\/(sici)1097-0363(19980430)26:8&lt;907::aid-fld673&gt;3.0.co;2-k<br \/>\nEID: 2-s2.0-0032046881<br \/>\nPart of ISSN: 02712091<br \/>\nCONTRIBUTORS: Oktay, E.; Akmandor, I.S.; \u00dc\u00e7er, A.\u015e.<\/p>\n<p><strong>Quasi-3 dimensional analysis and design of turbomachinery blades<\/strong><br \/>\n36th AIAA Aerospace Sciences Meeting and Exhibit<br \/>\n1998 | Conference paper<br \/>\nEID: 2-s2.0-84983171470<br \/>\nCONTRIBUTORS: Ekici, K.; Akmandor, I.S.; \u00c7etinkaya, T.<\/p>\n<p><strong>Navier-Stokes simulation of two- and three-dimensional jets in crossflow<\/strong><br \/>\nAIAA 22nd Fluid Dynamics, Plasma Dynamics and Lasers Conference, 1991<br \/>\n1991 | Conference paper<br \/>\nDOI: 10.2514\/6.1991-1743<br \/>\nEID: 2-s2.0-85088409587<br \/>\nCONTRIBUTORS: Kavsao\u011flu, M.\u015e.; Akmandor, \u0130.S.; \u00c7iray, S.; Fujii, K.<\/p>\n<p><strong>Heat and momentum transfer in laser induced decomposition of silane jets: theory and experiments<\/strong><br \/>\nInternational Journal of Heat and Mass Transfer<br \/>\n1988 | Journal article<br \/>\nDOI: 10.1016\/0017-9310(88)90156-1<br \/>\nEID: 2-s2.0-20444391903<br \/>\nPart of ISSN: 00179310<br \/>\nCONTRIBUTORS: Akmandor, I.S.; Szekely, J.; Haggerty, J.S.<\/p>\n<p><strong>Velocity measurements in laser driven silane reaction by using a perturbation method<\/strong><br \/>\nBulletin of the Technical University of Istanbul<br \/>\n1988 | Journal article<br \/>\nEID: 2-s2.0-0024130332<br \/>\nPart of ISSN: 02544121<br \/>\nCONTRIBUTORS: Akmandor, I. Sinan<\/p>\n<p><strong>Laser Induced Reaction of the Supersonic Silane Jet Coflowing With an Annular Argon Flow.<\/strong><br \/>\nBulletin of the Technical University of Istanbul<br \/>\n1987 | Journal article<br \/>\nEID: 2-s2.0-0023594751<br \/>\nPart of ISSN: 02544121<br \/>\nCONTRIBUTORS: Akmandor, Ibrahim Sinan[\/vc_column_text][\/vc_column][\/vc_row]<\/p>\n<\/div>","protected":false},"excerpt":{"rendered":"<p>[vc_row full_width=&#8221;stretch_row&#8221; el_class=&#8221;white-form&#8221;][vc_column][\/vc_column][\/vc_row][vc_row][vc_column][vc_column_text css=&#8221;&#8221;]Solar-powered hybrid energy storage system with phase change materials Energy Conversion and Management 302 (2024) 118117 (Elsevier) 2024 | Journal article DOI: 10.1080\/14786451.2023.2246080 CONTRIBUTORS: Sayedmohsen Baghaei Oskouei, Guido Francesco Frate, Rosa Christodoulaki, \u00d6zg\u00fcr Bayer, Ibrahim Sinan Akmandor, Umberto Desideri, Lorenzo Ferrari, Vassiliki Drosou, \u0130lker Tar\u0131 Novel Rolling Piston Compressor for High Temperature&#8230;<\/p>\n","protected":false},"author":1,"featured_media":0,"parent":1951,"menu_order":0,"comment_status":"closed","ping_status":"closed","template":"","meta":{"footnotes":""},"class_list":["post-8747","page","type-page","status-publish","hentry"],"_links":{"self":[{"href":"https:\/\/dyadaxis.com\/index.php\/wp-json\/wp\/v2\/pages\/8747","targetHints":{"allow":["GET"]}}],"collection":[{"href":"https:\/\/dyadaxis.com\/index.php\/wp-json\/wp\/v2\/pages"}],"about":[{"href":"https:\/\/dyadaxis.com\/index.php\/wp-json\/wp\/v2\/types\/page"}],"author":[{"embeddable":true,"href":"https:\/\/dyadaxis.com\/index.php\/wp-json\/wp\/v2\/users\/1"}],"replies":[{"embeddable":true,"href":"https:\/\/dyadaxis.com\/index.php\/wp-json\/wp\/v2\/comments?post=8747"}],"version-history":[{"count":7,"href":"https:\/\/dyadaxis.com\/index.php\/wp-json\/wp\/v2\/pages\/8747\/revisions"}],"predecessor-version":[{"id":8957,"href":"https:\/\/dyadaxis.com\/index.php\/wp-json\/wp\/v2\/pages\/8747\/revisions\/8957"}],"up":[{"embeddable":true,"href":"https:\/\/dyadaxis.com\/index.php\/wp-json\/wp\/v2\/pages\/1951"}],"wp:attachment":[{"href":"https:\/\/dyadaxis.com\/index.php\/wp-json\/wp\/v2\/media?parent=8747"}],"curies":[{"name":"wp","href":"https:\/\/api.w.org\/{rel}","templated":true}]}}